{"id":1574,"date":"2017-04-05T20:34:01","date_gmt":"2017-04-06T00:34:01","guid":{"rendered":"https:\/\/cherryandlemon.com\/?page_id=1574"},"modified":"2017-05-20T20:21:19","modified_gmt":"2017-05-21T00:21:19","slug":"politica-de-privacidad","status":"publish","type":"page","link":"https:\/\/cherryandlemon.com\/index.php\/politica-de-privacidad\/","title":{"rendered":"Pol\u00edtica de Privacidad"},"content":{"rendered":"<p>En Cherry&amp;Lemon, en adelante\u00a0<em>\u2018este sitio web\u2019<\/em>, respetamos tu informaci\u00f3n personal y en vista de cumplir con las pol\u00edticas de seguridad respectivas concernientes a todo sitio web, que deber\u00edan ser obligatorias, te informamos lo siguiente.<\/p>\n<p><strong>Privacidad de los datos personales:<\/strong><\/p>\n<p>Este sitio web es responsable de no revelar ninguna clase de informaci\u00f3n que te pertenezca (como email, n\u00fameros de ip, etc.), salvo tu expresa autorizaci\u00f3n.<\/p>\n<p><strong>Responsabilidad de las opiniones vertidas:<\/strong><\/p>\n<p>Las publicaciones a modo de art\u00edculos (tambi\u00e9n llamados posts) son responsabilidad del autor del blog. Los comentarios, vertidos por los visitantes, son responsabilidad de ellos mismos y en caso alguno viole las reglas m\u00ednimas de respeto a los dem\u00e1s y a las buenas costumbres, \u00e9stos ser\u00edan borrados por el editor del blog, sin esperar su consentimiento.<\/p>\n<p><strong>Seguridad de su informaci\u00f3n personal:<\/strong><\/p>\n<p>Este sitio web se hace responsable de velar por su seguridad, por la privacidad de su informaci\u00f3n y por el respeto a sus datos, de acuerdo con las limitaciones que la actual Internet nos provee, siendo conscientes que no estamos excluidos de sufrir alg\u00fan ataque por parte de hackers o usuarios malintencionados que ejerzan la delincuencia inform\u00e1tica.<\/p>\n<p><strong>Obtenci\u00f3n de su informaci\u00f3n:<\/strong><\/p>\n<p>Todos tus datos personales consignados en este sitio son suministrados por t\u00ed, haciendo uso entero de tu libertad. La informaci\u00f3n aqu\u00ed almacenada solo comprende datos b\u00e1sicos ingresados mediante formularios de contacto, comentarios u otros similares.<\/p>\n<p><strong>Uso de la informaci\u00f3n:<\/strong><\/p>\n<p>Al proporcionarnos tus datos personales, estando de acuerdo con la Pol\u00edtica de Privacidad aqu\u00ed consignada, nos autorizas para el siguiente uso de tu informaci\u00f3n: a) para el fin mismo por lo cual se ha suministrado; b) para considerarlo dentro de nuestras estad\u00edsticas de tr\u00e1fico, incrementando as\u00ed nuestra oferta publicitaria y de mercado; c) para orientar mejor los servicios aqu\u00ed ofrecidos y valorarlos a su criterio, y d) para enviar e-mails con nuestros boletines, responder inquietudes o comentarios, y mantener informado a nuestros usuarios.<\/p>\n<p><strong>Uso de los Cookies<\/strong><\/p>\n<p>El uso de cookies y su direcci\u00f3n IP, tomados por este sitio, se realiza solo con la finalidad de mantener un sitio de acuerdo a tus preferencias locales (tales como navegador web usado, sistema operativo, ISP, etc.). Las \u201ccookies\u201d permiten entregar un contenido ajustado a los intereses y necesidades de nuestros usuarios\/visitantes. Tambi\u00e9n podr\u00edan usarse cookies de Terceros que est\u00e9n presentes en este sitio, como anunciantes o publicidad del mismo, con el \u00fanico fin de proveer informaciones adicionales o relevantes a la Navegaci\u00f3n del Usuario en este Sitio Web.<\/p>\n<p><strong>Modificaciones a nuestras Pol\u00edticas de Privacidad:<\/strong><\/p>\n<p>El sitio web se reserva el derecho de modificar, rectificar, alterar, agregar o eliminar cualquier punto del presente escrito en cualquier momento y sin previo aviso, siendo su responsabilidad el mantenerse informado del mismo para una adecuada administraci\u00f3n de su informaci\u00f3n.<\/p>\n<p>Si nuestra tienda es adquirida o fusionada con otra empresa, tu informaci\u00f3n puede ser transferida a los nuevos propietarios, para que podamos seguir vendi\u00e9ndote productos.<\/p>\n<p>&nbsp;<\/p>\n<p><strong>Preguntas e Informaci\u00f3n de Contacto<\/strong><\/p>\n<p>Si quieres: acceder, corregir, enmendar o borrar cualquier informaci\u00f3n personal que poseamos sobre ti, registrar una queja, o simplemente quieres m\u00e1s informaci\u00f3n contactanos a <a href=\"mailto:atencionalcliente@cherryandlemon.com\">atencionalcliente@cherryandlemon.com<\/a><\/p>\n<p>&nbsp;<\/p>\n<p>&nbsp;<\/p>\n","protected":false},"excerpt":{"rendered":"<p>En Cherry&amp;Lemon, en adelante\u00a0\u2018este sitio web\u2019, respetamos tu informaci\u00f3n personal y en vista de cumplir con las pol\u00edticas de seguridad respectivas concernientes a todo sitio web, que deber\u00edan ser obligatorias, te informamos lo siguiente. Privacidad de los datos personales: Este sitio web es responsable de no revelar ninguna clase de informaci\u00f3n que te pertenezca (como [&hellip;]<\/p>\n<p class=\"post-read-more\"><a href=\"https:\/\/cherryandlemon.com\/index.php\/politica-de-privacidad\/\">Continue Reading&#8230;<\/a><\/p>\n","protected":false},"author":1,"featured_media":0,"parent":0,"menu_order":0,"comment_status":"closed","ping_status":"closed","template":"","meta":{"footnotes":""},"_links":{"self":[{"href":"https:\/\/cherryandlemon.com\/index.php\/wp-json\/wp\/v2\/pages\/1574"}],"collection":[{"href":"https:\/\/cherryandlemon.com\/index.php\/wp-json\/wp\/v2\/pages"}],"about":[{"href":"https:\/\/cherryandlemon.com\/index.php\/wp-json\/wp\/v2\/types\/page"}],"author":[{"embeddable":true,"href":"https:\/\/cherryandlemon.com\/index.php\/wp-json\/wp\/v2\/users\/1"}],"replies":[{"embeddable":true,"href":"https:\/\/cherryandlemon.com\/index.php\/wp-json\/wp\/v2\/comments?post=1574"}],"version-history":[{"count":1,"href":"https:\/\/cherryandlemon.com\/index.php\/wp-json\/wp\/v2\/pages\/1574\/revisions"}],"predecessor-version":[{"id":1757,"href":"https:\/\/cherryandlemon.com\/index.php\/wp-json\/wp\/v2\/pages\/1574\/revisions\/1757"}],"wp:attachment":[{"href":"https:\/\/cherryandlemon.com\/index.php\/wp-json\/wp\/v2\/media?parent=1574"}],"curies":[{"name":"wp","href":"https:\/\/api.w.org\/{rel}","templated":true}]}}