{"id":1530,"date":"2017-02-08T16:25:07","date_gmt":"2017-02-08T20:25:07","guid":{"rendered":"http:\/\/cherryandlemon.com\/?page_id=1530"},"modified":"2017-11-07T09:29:12","modified_gmt":"2017-11-07T13:29:12","slug":"terminos-y-condiciones","status":"publish","type":"page","link":"https:\/\/cherryandlemon.com\/index.php\/terminos-y-condiciones\/","title":{"rendered":"Terminos y Condiciones"},"content":{"rendered":"<p>Los productos de Cherry&amp;Lemon est\u00e1n disponibles para ser adquiridos s\u00f3lo dentro del territorio de la Rep\u00fablica del Paraguay.<\/p>\n<p>Dentro de la cuidad de Asunci\u00f3n existen dos modalidades para entrega de los productos:<\/p>\n<ul>\n<li><strong>Entrega en Nuestra Direcci\u00f3n<\/strong>: en este caso no se cobra Delivery. Se te enviar\u00e1 un mail para informarte que tu pedido est\u00e1 listo para ser retirado en un lapso no mayor a los 3 d\u00edas h\u00e1biles \u00a0de haber realizado el mismo.<\/li>\n<li><strong>Delivery:<\/strong> En este caso tenemos una tarifa plana. En ambos casos se entregar\u00e1 el producto dentro de los 3 d\u00edas h\u00e1biles de \u00a0haber recibido el pedido.<\/li>\n<\/ul>\n<p><strong>Resto del Pa\u00eds<\/strong> solo se cuenta con Delivery en cuyo caso el pedido ser\u00e1 entregado en un lapso no mayor a los 5 d\u00edas h\u00e1biles \u00a0de haber realizado el pedido.<\/p>\n<p>Los d\u00edas feriados no se realizan env\u00edos, tampoco los fines de semana. Los gastos de env\u00edo aparecen claramente especificados\u00a0antes que haga su pedido.<\/p>\n<p>Las art\u00edculos\u00a0adquiridos a trav\u00e9s de nuestra tienda virtual \u00a0son art\u00edculos\u00a0en descuento por lo tanto no aceptamos \u00a0cambios \u00a0ni devoluci\u00f3n de los mismas una vez aceptada\u00a0estas condiciones.<\/p>\n<p><span style=\"color: #ff0000;\">Solo en caso de falla de f\u00e1brica <\/span>aceptamos cambio de la prenda\/art\u00edculo. \u00a0Para tener derecho a cambio deber\u00e1 enviar la prenda\/art\u00edculo dentro de las 24 horas posteriores a la recepci\u00f3n de la misma. <a href=\"https:\/\/cherryandlemon.com\/index.php\/politica-de-devolucion\/\">M\u00e1s informaci\u00f3n<\/a><\/p>\n<p>Los precios est\u00e1n indicados en D\u00f3lares Americanos.<\/p>\n<blockquote><p><em><strong>Importante:<\/strong> <\/em>Si usted precisa de Factura con los datos de su RUC, deber\u00e1 enviarnos un mail con estos \u00a0datos a la direcci\u00f3n <a href=\"mailto:atencionalcliente@cherryandlemon.com\">atencionalcliente@cherryandlemon.com<\/a> \u00a0dentro de las 24 horas de haber solicitado su pedido.<\/p><\/blockquote>\n<p>En caso de adquirir alguna prenda puedes consultar la Gu\u00eda de Medidas y \u00a0as\u00ed no equivocarte \u00a0al momento de realizar tu pedido. <a href=\"https:\/\/cherryandlemon.com\/index.php\/guia-de-medidas\/\">Consultar aqu\u00ed<\/a><\/p>\n<p>Si tienes alg\u00fan \u00a0inconveniente con la recepci\u00f3n de tu\u00a0pedido,\u00a0envianos\u00a0\u00a0un mail a \u00a0la siguiente direcci\u00f3n de correo <a href=\"mailto:atencionalcliente@cherryandlemon.com\">atencionalcliente@cherryandlemon.com<\/a><\/p>\n<p>En caso de devoluci\u00f3n (solo debido a falla de f\u00e1brica) deber\u00e1s enviar \u00a0la prenda a la siguiente direcci\u00f3n:<\/p>\n<p><span style=\"color: #000000;\">CherryandLemon<\/span><\/p>\n<p><span style=\"color: #000000;\">Diagonal Molas 1067 c\/ Sta Rosa<\/span><\/p>\n<p><span style=\"color: #000000;\">Asunci\u00f3n, Paraguay<\/span><\/p>\n<p><span style=\"color: #000000;\">Codigo Postal 1805<\/span><\/p>\n","protected":false},"excerpt":{"rendered":"<p>Los productos de Cherry&amp;Lemon est\u00e1n disponibles para ser adquiridos s\u00f3lo dentro del territorio de la Rep\u00fablica del Paraguay. Dentro de la cuidad de Asunci\u00f3n existen dos modalidades para entrega de los productos: Entrega en Nuestra Direcci\u00f3n: en este caso no se cobra Delivery. Se te enviar\u00e1 un mail para informarte que tu pedido est\u00e1 listo [&hellip;]<\/p>\n<p class=\"post-read-more\"><a href=\"https:\/\/cherryandlemon.com\/index.php\/terminos-y-condiciones\/\">Continue Reading&#8230;<\/a><\/p>\n","protected":false},"author":1,"featured_media":0,"parent":0,"menu_order":0,"comment_status":"closed","ping_status":"closed","template":"","meta":{"footnotes":""},"_links":{"self":[{"href":"https:\/\/cherryandlemon.com\/index.php\/wp-json\/wp\/v2\/pages\/1530"}],"collection":[{"href":"https:\/\/cherryandlemon.com\/index.php\/wp-json\/wp\/v2\/pages"}],"about":[{"href":"https:\/\/cherryandlemon.com\/index.php\/wp-json\/wp\/v2\/types\/page"}],"author":[{"embeddable":true,"href":"https:\/\/cherryandlemon.com\/index.php\/wp-json\/wp\/v2\/users\/1"}],"replies":[{"embeddable":true,"href":"https:\/\/cherryandlemon.com\/index.php\/wp-json\/wp\/v2\/comments?post=1530"}],"version-history":[{"count":20,"href":"https:\/\/cherryandlemon.com\/index.php\/wp-json\/wp\/v2\/pages\/1530\/revisions"}],"predecessor-version":[{"id":1695,"href":"https:\/\/cherryandlemon.com\/index.php\/wp-json\/wp\/v2\/pages\/1530\/revisions\/1695"}],"wp:attachment":[{"href":"https:\/\/cherryandlemon.com\/index.php\/wp-json\/wp\/v2\/media?parent=1530"}],"curies":[{"name":"wp","href":"https:\/\/api.w.org\/{rel}","templated":true}]}}